{"id":922,"date":"2023-05-29T16:48:44","date_gmt":"2023-05-29T16:48:44","guid":{"rendered":"https:\/\/quransyria.org\/privacy-policy\/"},"modified":"2023-07-31T14:31:18","modified_gmt":"2023-07-31T14:31:18","slug":"gizlilik-politikasi","status":"publish","type":"page","link":"https:\/\/quransyria.org\/tr\/gizlilik-politikasi\/","title":{"rendered":"Gizlilik Politikas\u0131"},"content":{"rendered":"<div class=\"fusion-fullwidth fullwidth-box fusion-builder-row-1 fusion-flex-container nonhundred-percent-fullwidth non-hundred-percent-height-scrolling\" style=\"--awb-border-radius-top-left:0px;--awb-border-radius-top-right:0px;--awb-border-radius-bottom-right:0px;--awb-border-radius-bottom-left:0px;--awb-flex-wrap:wrap;\" ><div class=\"fusion-builder-row fusion-row fusion-flex-align-items-flex-start fusion-flex-content-wrap\" style=\"max-width:1248px;margin-left: calc(-4% \/ 2 );margin-right: calc(-4% \/ 2 );\"><div class=\"fusion-layout-column fusion_builder_column fusion-builder-column-0 fusion_builder_column_1_1 1_1 fusion-flex-column\" style=\"--awb-bg-size:cover;--awb-width-large:100%;--awb-margin-top-large:0px;--awb-spacing-right-large:1.92%;--awb-margin-bottom-large:0px;--awb-spacing-left-large:1.92%;--awb-width-medium:100%;--awb-spacing-right-medium:1.92%;--awb-spacing-left-medium:1.92%;--awb-width-small:100%;--awb-spacing-right-small:1.92%;--awb-spacing-left-small:1.92%;\"><div class=\"fusion-column-wrapper fusion-flex-justify-content-flex-start fusion-content-layout-column\"><div class=\"fusion-text fusion-text-1\" style=\"--awb-content-alignment:justify;\"><p style=\"direction: ltr;\">Son G\u00fcncelleme Tarihi 31-Temmuz-2023<\/p>\n<p style=\"direction: ltr;\">Ge\u00e7erlilik Tarihi 31-Temmuz-2023<\/p>\n<p class=\"privacy-policy-p\" style=\"direction: ltr;\">Bu Gizlilik Politikas\u0131, Kuran Derne\u011fi, \u0130dlib, Suriye Arap Cumhuriyeti, e-posta:<a href=\"mailto:info@quransyria.org\"> info@quransyria.org<\/a>, web sitemizi ( <a href=\"https:\/\/quransyria.org\">https:\/\/quransyria.org<\/a> ) kulland\u0131\u011f\u0131n\u0131zda toplad\u0131\u011f\u0131m\u0131z bilgilerinizin kullan\u0131m\u0131 ve if\u015fas\u0131 politikalar\u0131n\u0131 a\u00e7\u0131klamaktad\u0131r. (hizmet&#8221;). Hizmete eri\u015ferek veya onu kullanarak, bilgilerinizin bu Gizlilik Politikas\u0131na uygun olarak toplanmas\u0131na, kullan\u0131lmas\u0131na ve if\u015fa edilmesine izin vermi\u015f olursunuz. Ayn\u0131s\u0131na izin vermiyorsan\u0131z, l\u00fctfen Hizmete eri\u015fmeyin veya Hizmeti kullanmay\u0131n. Bu Gizlilik Politikas\u0131n\u0131 herhangi bir zamanda size \u00f6nceden haber vermeksizin de\u011fi\u015ftirebiliriz ve revize edilmi\u015f Gizlilik Politikas\u0131n\u0131 Hizmette yay\u0131nlar\u0131z. Revize Politika, revize Politikan\u0131n Hizmette yay\u0131nlanmas\u0131ndan 180 g\u00fcn sonra ge\u00e7erli olacakt\u0131r ve bu s\u00fcreden sonra Hizmete devam eden eri\u015fiminiz veya Hizmeti kullan\u0131m\u0131n\u0131z, revize edilmi\u015f Gizlilik Politikas\u0131n\u0131 kabul etti\u011finiz anlam\u0131na gelecektir. Bu nedenle, bu sayfay\u0131 periyodik olarak g\u00f6zden ge\u00e7irmenizi \u00f6neririz.<\/p>\n<h3 style=\"direction: ltr;\">Bilgilerinizi Nas\u0131l Kullan\u0131yoruz:<\/h3>\n<p style=\"direction: ltr;\">Hakk\u0131n\u0131zda toplad\u0131\u011f\u0131m\u0131z bilgileri a\u015fa\u011f\u0131daki ama\u00e7lar i\u00e7in kullanaca\u011f\u0131z:<\/p>\n<ul>\n<li>M\u00fc\u015fteri geri bildirimi toplama<\/li>\n<li>Destek<\/li>\n<\/ul>\n<p style=\"direction: ltr;\">Bilgilerinizi ba\u015fka herhangi bir ama\u00e7la kullanmak istiyorsak, sizden izin isteyece\u011fiz ve bilgilerinizi yaln\u0131zca onay\u0131n\u0131z\u0131 ald\u0131ktan sonra ve aksini yapmam\u0131z gerekmedik\u00e7e yaln\u0131zca onay verilen ama\u00e7(lar) i\u00e7in kullanaca\u011f\u0131z. kanun.<\/p>\n<h3 class=\"privacy-policy-h2\" style=\"direction: ltr;\">Bilgilerinizi Nas\u0131l Payla\u015f\u0131yoruz:<\/h3>\n<p style=\"direction: ltr;\">Ki\u015fisel bilgilerinizi, a\u015fa\u011f\u0131da a\u00e7\u0131klanan s\u0131n\u0131rl\u0131 durumlar d\u0131\u015f\u0131nda, onay\u0131n\u0131z\u0131 almadan herhangi bir \u00fc\u00e7\u00fcnc\u00fc tarafa aktarmayaca\u011f\u0131z:<\/p>\n<ul>\n<li>Analitik<\/li>\n<\/ul>\n<p style=\"direction: ltr;\">Bu t\u00fcr \u00fc\u00e7\u00fcnc\u00fc \u015fah\u0131slar\u0131n kendilerine aktard\u0131\u011f\u0131m\u0131z ki\u015fisel bilgileri yaln\u0131zca aktar\u0131ld\u0131klar\u0131 ama\u00e7 i\u00e7in kullanmalar\u0131n\u0131 ve s\u00f6z konusu amac\u0131n yerine getirilmesi i\u00e7in gerekenden daha uzun s\u00fcre saklamamalar\u0131n\u0131 \u015fart ko\u015fuyoruz. Ki\u015fisel bilgilerinizi ayr\u0131ca a\u015fa\u011f\u0131dakiler i\u00e7in if\u015fa edebiliriz: (1) y\u00fcr\u00fcrl\u00fckteki yasa, y\u00f6netmelik, mahkeme emri veya di\u011fer yasal i\u015flemlere uymak; (2) bu Gizlilik Politikas\u0131 da dahil olmak \u00fczere bizimle olan anla\u015fmalar\u0131n\u0131z\u0131 uygulamak i\u00e7in; veya (3) Hizmeti kullan\u0131m\u0131n\u0131z\u0131n herhangi bir \u00fc\u00e7\u00fcnc\u00fc taraf hakk\u0131n\u0131 ihlal etti\u011fi iddialar\u0131na yan\u0131t vermek. Hizmet veya \u015firketimiz ba\u015fka bir \u015firketle birle\u015ftirilir veya sat\u0131n al\u0131n\u0131rsa, bilgileriniz yeni sahibine devredilen varl\u0131klardan biri olacakt\u0131r.<\/p>\n<h3 class=\"privacy-policy-h2\" style=\"direction: ltr;\">Haklar\u0131n\u0131z:<\/h3>\n<p style=\"direction: ltr;\">Ge\u00e7erli yasaya ba\u011fl\u0131 olarak, ki\u015fisel verilerinize eri\u015fme ve bunlar\u0131 d\u00fczeltme veya silme veya ki\u015fisel verilerinizin bir kopyas\u0131n\u0131 alma, verilerinizin aktif olarak i\u015flenmesini k\u0131s\u0131tlama veya buna itiraz etme, bizden ki\u015fisel bilgilerinizi payla\u015fmam\u0131z\u0131 (ta\u015f\u0131mam\u0131z\u0131) isteme hakk\u0131n\u0131z olabilir. bilgileri ba\u015fka bir kurulu\u015fa verme, verilerinizi i\u015flememiz i\u00e7in bize verdi\u011finiz t\u00fcm onaylar\u0131, yasal bir makama \u015fikayette bulunma hakk\u0131n\u0131 ve ge\u00e7erli yasalar kapsam\u0131nda ilgili olabilecek di\u011fer haklar\u0131 geri \u00e7ekin. Bu haklar\u0131n\u0131z\u0131 kullanmak i\u00e7in<a href=\"mailto:info@quransyria.org\"> info@quransyria.org<\/a> adresinden bize yazabilirsiniz. Talebinize y\u00fcr\u00fcrl\u00fckteki yasalara uygun olarak yan\u0131t verece\u011fiz. Gerekli ki\u015fisel bilgileri toplamam\u0131za veya i\u015flememize izin vermezseniz veya bunlar\u0131 gerekli ama\u00e7lar do\u011frultusunda i\u015flemek i\u00e7in onay\u0131n\u0131z\u0131 geri \u00e7ekerseniz, bilgilerinizin arand\u0131\u011f\u0131 hizmetlere eri\u015femeyebilece\u011finizi veya bunlar\u0131 kullanamayabilece\u011finizi unutmay\u0131n.<\/p>\n<h3 style=\"direction: ltr;\">\u00c7erezler:<\/h3>\n<p style=\"direction: ltr;\">Bunlar\u0131 nas\u0131l kulland\u0131\u011f\u0131m\u0131z ve bu izleme teknolojileriyle ilgili tercihleriniz hakk\u0131nda daha fazla bilgi edinmek i\u00e7in l\u00fctfen <a href=\"https:\/\/quransyria.org\/tr\/cerez-politikasi\/\">\u00c7erez Politikam\u0131za<\/a> bak\u0131n.<\/p>\n<h3 class=\"privacy-policy-h2\" style=\"direction: ltr;\">G\u00fcvenlik:<\/h3>\n<p style=\"direction: ltr;\">Bilgilerinizin g\u00fcvenli\u011fi bizim i\u00e7in \u00f6nemlidir ve bilgilerinizin kontrol\u00fcm\u00fcz alt\u0131nda kaybolmas\u0131n\u0131, k\u00f6t\u00fcye kullan\u0131lmas\u0131n\u0131 veya izinsiz de\u011fi\u015ftirilmesini \u00f6nlemek i\u00e7in makul g\u00fcvenlik \u00f6nlemleri alaca\u011f\u0131z. Bununla birlikte, yap\u0131sal riskler g\u00f6z \u00f6n\u00fcne al\u0131nd\u0131\u011f\u0131nda, mutlak g\u00fcvenli\u011fi garanti edemeyiz ve sonu\u00e7 olarak, bize iletti\u011finiz herhangi bir bilginin g\u00fcvenli\u011fini sa\u011flayamay\u0131z veya garanti edemeyiz ve bunun riski size aittir.<\/p>\n<h3 class=\"privacy-policy-h2\" style=\"direction: ltr;\">\u00dc\u00e7\u00fcnc\u00fc Taraf Ba\u011flant\u0131lar\u0131 ve Bilgilerinizin Kullan\u0131m\u0131:<\/h3>\n<p style=\"direction: ltr;\">Hizmetimiz, bizim taraf\u0131m\u0131zdan i\u015fletilmeyen di\u011fer web sitelerine ba\u011flant\u0131lar i\u00e7erebilir. Bu Gizlilik Politikas\u0131, Hizmet \u00fczerindeki bir ba\u011flant\u0131 arac\u0131l\u0131\u011f\u0131yla eri\u015filebilen herhangi bir web sitesini veya hizmeti i\u015fleten herhangi bir \u00fc\u00e7\u00fcnc\u00fc taraf dahil olmak \u00fczere herhangi bir \u00fc\u00e7\u00fcnc\u00fc taraf\u0131n gizlilik politikas\u0131n\u0131 ve di\u011fer uygulamalar\u0131n\u0131 ele almaz. Ziyaret etti\u011finiz her sitenin gizlilik politikas\u0131n\u0131 g\u00f6zden ge\u00e7irmenizi \u00f6nemle tavsiye ederiz. Herhangi bir \u00fc\u00e7\u00fcnc\u00fc \u015fah\u0131s sitelerinin veya hizmetlerinin i\u00e7eri\u011fi, gizlilik politikalar\u0131 veya uygulamalar\u0131 \u00fczerinde hi\u00e7bir kontrol\u00fcm\u00fcz yoktur ve hi\u00e7bir sorumluluk \u00fcstlenmemekteyiz.<\/p>\n<h3 class=\"privacy-policy-h2\" style=\"direction: ltr;\">\u015eikayet \/ Veri Koruma G\u00f6revlisi:<\/h3>\n<p style=\"direction: ltr;\">Bizde bulunan bilgilerinizin i\u015flenmesiyle ilgili herhangi bir sorunuz veya endi\u015feniz varsa, \u0130dlib, Kuran Derne\u011fi&#8217;ndeki \u015eikayet G\u00f6revlimize e-posta g\u00f6nderebilirsiniz, e-posta:<a href=\"mailto:info@quransyria.org\"> info@quransyria.org<\/a>.<\/p>\n<p style=\"direction: ltr;\">Endi\u015felerinizi y\u00fcr\u00fcrl\u00fckteki yasalara uygun olarak ele alaca\u011f\u0131z.<\/p>\n<p class=\"privacy-policy-p\" style=\"direction: ltr;\"><a href=\"https:\/\/www.cookieyes.com\/?utm_source=PP&amp;utm_medium=footer&amp;utm_campaign=UW\" target=\"_blank\" rel=\"noopener\">CookieYes<\/a>\u00a0ile olu\u015fturulan Gizlilik Politikas\u0131.<\/p>\n<\/div><\/div><\/div><\/div><\/div>\n","protected":false},"excerpt":{"rendered":"","protected":false},"author":1,"featured_media":0,"parent":0,"menu_order":0,"comment_status":"closed","ping_status":"closed","template":"100-width.php","meta":{"_acf_changed":false,"footnotes":""},"class_list":["post-922","page","type-page","status-publish","hentry"],"acf":[],"yoast_head":"<!-- This site is optimized with the Yoast SEO plugin v27.5 - https:\/\/yoast.com\/product\/yoast-seo-wordpress\/ -->\n<title>Gizlilik Politikas\u0131 - \u0627\u0644\u062c\u0645\u0639\u064a\u0629 \u0627\u0644\u062e\u064a\u0631\u064a\u0629 \u0644\u0644\u0642\u0631\u0622\u0646 \u0627\u0644\u0643\u0631\u064a\u0645 \u0641\u064a \u0633\u0648\u0631\u064a\u0629<\/title>\n<meta name=\"robots\" content=\"index, follow, max-snippet:-1, max-image-preview:large, max-video-preview:-1\" \/>\n<link rel=\"canonical\" href=\"https:\/\/quransyria.org\/tr\/gizlilik-politikasi\/\" \/>\n<meta property=\"og:locale\" content=\"tr_TR\" \/>\n<meta property=\"og:type\" content=\"article\" \/>\n<meta property=\"og:title\" content=\"Gizlilik Politikas\u0131 - \u0627\u0644\u062c\u0645\u0639\u064a\u0629 \u0627\u0644\u062e\u064a\u0631\u064a\u0629 \u0644\u0644\u0642\u0631\u0622\u0646 \u0627\u0644\u0643\u0631\u064a\u0645 \u0641\u064a \u0633\u0648\u0631\u064a\u0629\" \/>\n<meta property=\"og:url\" content=\"https:\/\/quransyria.org\/tr\/gizlilik-politikasi\/\" \/>\n<meta property=\"og:site_name\" content=\"\u0627\u0644\u062c\u0645\u0639\u064a\u0629 \u0627\u0644\u062e\u064a\u0631\u064a\u0629 \u0644\u0644\u0642\u0631\u0622\u0646 \u0627\u0644\u0643\u0631\u064a\u0645 \u0641\u064a \u0633\u0648\u0631\u064a\u0629\" \/>\n<meta property=\"article:publisher\" content=\"https:\/\/www.facebook.com\/QuranSyria\/\" \/>\n<meta property=\"article:modified_time\" content=\"2023-07-31T14:31:18+00:00\" \/>\n<meta property=\"og:image\" content=\"https:\/\/quransyria.org\/wp-content\/uploads\/2023\/07\/Featured-copy-1.jpg\" \/>\n\t<meta property=\"og:image:width\" content=\"1600\" \/>\n\t<meta property=\"og:image:height\" content=\"744\" \/>\n\t<meta property=\"og:image:type\" content=\"image\/jpeg\" \/>\n<meta name=\"twitter:card\" content=\"summary_large_image\" \/>\n<meta name=\"twitter:site\" content=\"@quransyria\" \/>\n<meta name=\"twitter:label1\" content=\"Tahmini okuma s\u00fcresi\" \/>\n\t<meta name=\"twitter:data1\" content=\"5 dakika\" \/>\n<script type=\"application\/ld+json\" class=\"yoast-schema-graph\">{\"@context\":\"https:\\\/\\\/schema.org\",\"@graph\":[{\"@type\":\"WebPage\",\"@id\":\"https:\\\/\\\/quransyria.org\\\/tr\\\/gizlilik-politikasi\\\/\",\"url\":\"https:\\\/\\\/quransyria.org\\\/tr\\\/gizlilik-politikasi\\\/\",\"name\":\"Gizlilik Politikas\u0131 - \u0627\u0644\u062c\u0645\u0639\u064a\u0629 \u0627\u0644\u062e\u064a\u0631\u064a\u0629 \u0644\u0644\u0642\u0631\u0622\u0646 \u0627\u0644\u0643\u0631\u064a\u0645 \u0641\u064a \u0633\u0648\u0631\u064a\u0629\",\"isPartOf\":{\"@id\":\"https:\\\/\\\/quransyria.org\\\/tr\\\/#website\"},\"datePublished\":\"2023-05-29T16:48:44+00:00\",\"dateModified\":\"2023-07-31T14:31:18+00:00\",\"breadcrumb\":{\"@id\":\"https:\\\/\\\/quransyria.org\\\/tr\\\/gizlilik-politikasi\\\/#breadcrumb\"},\"inLanguage\":\"tr\",\"potentialAction\":[{\"@type\":\"ReadAction\",\"target\":[\"https:\\\/\\\/quransyria.org\\\/tr\\\/gizlilik-politikasi\\\/\"]}]},{\"@type\":\"BreadcrumbList\",\"@id\":\"https:\\\/\\\/quransyria.org\\\/tr\\\/gizlilik-politikasi\\\/#breadcrumb\",\"itemListElement\":[{\"@type\":\"ListItem\",\"position\":1,\"name\":\"Anasayfa\",\"item\":\"https:\\\/\\\/quransyria.org\\\/tr\\\/\"},{\"@type\":\"ListItem\",\"position\":2,\"name\":\"Gizlilik Politikas\u0131\"}]},{\"@type\":\"WebSite\",\"@id\":\"https:\\\/\\\/quransyria.org\\\/tr\\\/#website\",\"url\":\"https:\\\/\\\/quransyria.org\\\/tr\\\/\",\"name\":\"\u0627\u0644\u062c\u0645\u0639\u064a\u0629 \u0627\u0644\u062e\u064a\u0631\u064a\u0629 \u0644\u0644\u0642\u0631\u0622\u0646 \u0627\u0644\u0643\u0631\u064a\u0645 \u0641\u064a \u0633\u0648\u0631\u064a\u0629\",\"description\":\"\u0627\u0644\u062c\u0645\u0639\u064a\u0629 \u0627\u0644\u0631\u0627\u0626\u062f\u0629 \u0641\u064a \u0631\u0639\u0627\u064a\u0629 \u0627\u0644\u0639\u0645\u0644 \u0627\u0644\u0642\u0631\u0622\u0646\u064a \u0648\u0627\u0644\u0645\u0633\u062c\u062f\u064a \u0641\u064a \u0633\u0648\u0631\u064a\u0629\",\"publisher\":{\"@id\":\"https:\\\/\\\/quransyria.org\\\/tr\\\/#organization\"},\"potentialAction\":[{\"@type\":\"SearchAction\",\"target\":{\"@type\":\"EntryPoint\",\"urlTemplate\":\"https:\\\/\\\/quransyria.org\\\/tr\\\/?s={search_term_string}\"},\"query-input\":{\"@type\":\"PropertyValueSpecification\",\"valueRequired\":true,\"valueName\":\"search_term_string\"}}],\"inLanguage\":\"tr\"},{\"@type\":\"Organization\",\"@id\":\"https:\\\/\\\/quransyria.org\\\/tr\\\/#organization\",\"name\":\"\u0627\u0644\u062c\u0645\u0639\u064a\u0629 \u0627\u0644\u062e\u064a\u0631\u064a\u0629 \u0644\u0644\u0642\u0631\u0622\u0646 \u0627\u0644\u0643\u0631\u064a\u0645\",\"url\":\"https:\\\/\\\/quransyria.org\\\/tr\\\/\",\"logo\":{\"@type\":\"ImageObject\",\"inLanguage\":\"tr\",\"@id\":\"https:\\\/\\\/quransyria.org\\\/tr\\\/#\\\/schema\\\/logo\\\/image\\\/\",\"url\":\"https:\\\/\\\/quransyria.org\\\/wp-content\\\/uploads\\\/2023\\\/05\\\/Logo.png\",\"contentUrl\":\"https:\\\/\\\/quransyria.org\\\/wp-content\\\/uploads\\\/2023\\\/05\\\/Logo.png\",\"width\":889,\"height\":652,\"caption\":\"\u0627\u0644\u062c\u0645\u0639\u064a\u0629 \u0627\u0644\u062e\u064a\u0631\u064a\u0629 \u0644\u0644\u0642\u0631\u0622\u0646 \u0627\u0644\u0643\u0631\u064a\u0645\"},\"image\":{\"@id\":\"https:\\\/\\\/quransyria.org\\\/tr\\\/#\\\/schema\\\/logo\\\/image\\\/\"},\"sameAs\":[\"https:\\\/\\\/www.facebook.com\\\/QuranSyria\\\/\",\"https:\\\/\\\/x.com\\\/quransyria\",\"https:\\\/\\\/www.instagram.com\\\/quransyria\\\/\",\"https:\\\/\\\/www.youtube.com\\\/c\\\/QuransyriaOrgQuransyria\",\"https:\\\/\\\/soundcloud.com\\\/quransyria\"]}]}<\/script>\n<!-- \/ Yoast SEO plugin. -->","yoast_head_json":{"title":"Gizlilik Politikas\u0131 - \u0627\u0644\u062c\u0645\u0639\u064a\u0629 \u0627\u0644\u062e\u064a\u0631\u064a\u0629 \u0644\u0644\u0642\u0631\u0622\u0646 \u0627\u0644\u0643\u0631\u064a\u0645 \u0641\u064a \u0633\u0648\u0631\u064a\u0629","robots":{"index":"index","follow":"follow","max-snippet":"max-snippet:-1","max-image-preview":"max-image-preview:large","max-video-preview":"max-video-preview:-1"},"canonical":"https:\/\/quransyria.org\/tr\/gizlilik-politikasi\/","og_locale":"tr_TR","og_type":"article","og_title":"Gizlilik Politikas\u0131 - \u0627\u0644\u062c\u0645\u0639\u064a\u0629 \u0627\u0644\u062e\u064a\u0631\u064a\u0629 \u0644\u0644\u0642\u0631\u0622\u0646 \u0627\u0644\u0643\u0631\u064a\u0645 \u0641\u064a \u0633\u0648\u0631\u064a\u0629","og_url":"https:\/\/quransyria.org\/tr\/gizlilik-politikasi\/","og_site_name":"\u0627\u0644\u062c\u0645\u0639\u064a\u0629 \u0627\u0644\u062e\u064a\u0631\u064a\u0629 \u0644\u0644\u0642\u0631\u0622\u0646 \u0627\u0644\u0643\u0631\u064a\u0645 \u0641\u064a \u0633\u0648\u0631\u064a\u0629","article_publisher":"https:\/\/www.facebook.com\/QuranSyria\/","article_modified_time":"2023-07-31T14:31:18+00:00","og_image":[{"width":1600,"height":744,"url":"https:\/\/quransyria.org\/wp-content\/uploads\/2023\/07\/Featured-copy-1.jpg","type":"image\/jpeg"}],"twitter_card":"summary_large_image","twitter_site":"@quransyria","twitter_misc":{"Tahmini okuma s\u00fcresi":"5 dakika"},"schema":{"@context":"https:\/\/schema.org","@graph":[{"@type":"WebPage","@id":"https:\/\/quransyria.org\/tr\/gizlilik-politikasi\/","url":"https:\/\/quransyria.org\/tr\/gizlilik-politikasi\/","name":"Gizlilik Politikas\u0131 - \u0627\u0644\u062c\u0645\u0639\u064a\u0629 \u0627\u0644\u062e\u064a\u0631\u064a\u0629 \u0644\u0644\u0642\u0631\u0622\u0646 \u0627\u0644\u0643\u0631\u064a\u0645 \u0641\u064a \u0633\u0648\u0631\u064a\u0629","isPartOf":{"@id":"https:\/\/quransyria.org\/tr\/#website"},"datePublished":"2023-05-29T16:48:44+00:00","dateModified":"2023-07-31T14:31:18+00:00","breadcrumb":{"@id":"https:\/\/quransyria.org\/tr\/gizlilik-politikasi\/#breadcrumb"},"inLanguage":"tr","potentialAction":[{"@type":"ReadAction","target":["https:\/\/quransyria.org\/tr\/gizlilik-politikasi\/"]}]},{"@type":"BreadcrumbList","@id":"https:\/\/quransyria.org\/tr\/gizlilik-politikasi\/#breadcrumb","itemListElement":[{"@type":"ListItem","position":1,"name":"Anasayfa","item":"https:\/\/quransyria.org\/tr\/"},{"@type":"ListItem","position":2,"name":"Gizlilik Politikas\u0131"}]},{"@type":"WebSite","@id":"https:\/\/quransyria.org\/tr\/#website","url":"https:\/\/quransyria.org\/tr\/","name":"\u0627\u0644\u062c\u0645\u0639\u064a\u0629 \u0627\u0644\u062e\u064a\u0631\u064a\u0629 \u0644\u0644\u0642\u0631\u0622\u0646 \u0627\u0644\u0643\u0631\u064a\u0645 \u0641\u064a \u0633\u0648\u0631\u064a\u0629","description":"\u0627\u0644\u062c\u0645\u0639\u064a\u0629 \u0627\u0644\u0631\u0627\u0626\u062f\u0629 \u0641\u064a \u0631\u0639\u0627\u064a\u0629 \u0627\u0644\u0639\u0645\u0644 \u0627\u0644\u0642\u0631\u0622\u0646\u064a \u0648\u0627\u0644\u0645\u0633\u062c\u062f\u064a \u0641\u064a \u0633\u0648\u0631\u064a\u0629","publisher":{"@id":"https:\/\/quransyria.org\/tr\/#organization"},"potentialAction":[{"@type":"SearchAction","target":{"@type":"EntryPoint","urlTemplate":"https:\/\/quransyria.org\/tr\/?s={search_term_string}"},"query-input":{"@type":"PropertyValueSpecification","valueRequired":true,"valueName":"search_term_string"}}],"inLanguage":"tr"},{"@type":"Organization","@id":"https:\/\/quransyria.org\/tr\/#organization","name":"\u0627\u0644\u062c\u0645\u0639\u064a\u0629 \u0627\u0644\u062e\u064a\u0631\u064a\u0629 \u0644\u0644\u0642\u0631\u0622\u0646 \u0627\u0644\u0643\u0631\u064a\u0645","url":"https:\/\/quransyria.org\/tr\/","logo":{"@type":"ImageObject","inLanguage":"tr","@id":"https:\/\/quransyria.org\/tr\/#\/schema\/logo\/image\/","url":"https:\/\/quransyria.org\/wp-content\/uploads\/2023\/05\/Logo.png","contentUrl":"https:\/\/quransyria.org\/wp-content\/uploads\/2023\/05\/Logo.png","width":889,"height":652,"caption":"\u0627\u0644\u062c\u0645\u0639\u064a\u0629 \u0627\u0644\u062e\u064a\u0631\u064a\u0629 \u0644\u0644\u0642\u0631\u0622\u0646 \u0627\u0644\u0643\u0631\u064a\u0645"},"image":{"@id":"https:\/\/quransyria.org\/tr\/#\/schema\/logo\/image\/"},"sameAs":["https:\/\/www.facebook.com\/QuranSyria\/","https:\/\/x.com\/quransyria","https:\/\/www.instagram.com\/quransyria\/","https:\/\/www.youtube.com\/c\/QuransyriaOrgQuransyria","https:\/\/soundcloud.com\/quransyria"]}]}},"_links":{"self":[{"href":"https:\/\/quransyria.org\/tr\/wp-json\/wp\/v2\/pages\/922","targetHints":{"allow":["GET"]}}],"collection":[{"href":"https:\/\/quransyria.org\/tr\/wp-json\/wp\/v2\/pages"}],"about":[{"href":"https:\/\/quransyria.org\/tr\/wp-json\/wp\/v2\/types\/page"}],"author":[{"embeddable":true,"href":"https:\/\/quransyria.org\/tr\/wp-json\/wp\/v2\/users\/1"}],"replies":[{"embeddable":true,"href":"https:\/\/quransyria.org\/tr\/wp-json\/wp\/v2\/comments?post=922"}],"version-history":[{"count":3,"href":"https:\/\/quransyria.org\/tr\/wp-json\/wp\/v2\/pages\/922\/revisions"}],"predecessor-version":[{"id":925,"href":"https:\/\/quransyria.org\/tr\/wp-json\/wp\/v2\/pages\/922\/revisions\/925"}],"wp:attachment":[{"href":"https:\/\/quransyria.org\/tr\/wp-json\/wp\/v2\/media?parent=922"}],"curies":[{"name":"wp","href":"https:\/\/api.w.org\/{rel}","templated":true}]}}