{"id":906,"date":"2023-07-31T11:55:48","date_gmt":"2023-07-31T11:55:48","guid":{"rendered":"https:\/\/quransyria.org\/?page_id=906"},"modified":"2023-07-31T12:09:00","modified_gmt":"2023-07-31T12:09:00","slug":"cerez-politikasi","status":"publish","type":"page","link":"https:\/\/quransyria.org\/tr\/cerez-politikasi\/","title":{"rendered":"\u00c7erez Politikas\u0131"},"content":{"rendered":"<div class=\"fusion-fullwidth fullwidth-box fusion-builder-row-1 fusion-flex-container nonhundred-percent-fullwidth non-hundred-percent-height-scrolling\" style=\"--awb-border-radius-top-left:0px;--awb-border-radius-top-right:0px;--awb-border-radius-bottom-right:0px;--awb-border-radius-bottom-left:0px;--awb-flex-wrap:wrap;\" ><div class=\"fusion-builder-row fusion-row fusion-flex-align-items-flex-start fusion-flex-content-wrap\" style=\"max-width:1248px;margin-left: calc(-4% \/ 2 );margin-right: calc(-4% \/ 2 );\"><div class=\"fusion-layout-column fusion_builder_column fusion-builder-column-0 fusion_builder_column_1_1 1_1 fusion-flex-column\" style=\"--awb-bg-size:cover;--awb-width-large:100%;--awb-margin-top-large:0px;--awb-spacing-right-large:1.92%;--awb-margin-bottom-large:0px;--awb-spacing-left-large:1.92%;--awb-width-medium:100%;--awb-spacing-right-medium:1.92%;--awb-spacing-left-medium:1.92%;--awb-width-small:100%;--awb-spacing-right-small:1.92%;--awb-spacing-left-small:1.92%;\"><div class=\"fusion-column-wrapper fusion-flex-justify-content-flex-start fusion-content-layout-column\"><div class=\"fusion-text fusion-text-1\" style=\"--awb-content-alignment:justify;\"><p>Y\u00fcr\u00fcrl\u00fck Tarihi: 31-Temmuz-2023<br \/>\nSon g\u00fcncelleme: 31-Temmuz-2023<\/p>\n<h5>\u00c7erezler nedir?<\/h5>\n<div class=\"cookie-policy-p\">\n<p>Bu \u00c7erez Politikas\u0131, \u00e7erezlerin ne oldu\u011funu ve onlar\u0131 nas\u0131l kulland\u0131\u011f\u0131m\u0131z\u0131, kulland\u0131\u011f\u0131m\u0131z \u00e7erez t\u00fcrlerini, yani \u00e7erezleri kullanarak toplad\u0131\u011f\u0131m\u0131z bilgileri ve bu bilgilerin nas\u0131l kullan\u0131ld\u0131\u011f\u0131n\u0131 ve \u00e7erez ayarlar\u0131n\u0131n nas\u0131l y\u00f6netilece\u011fini a\u00e7\u0131klar.<\/p>\n<p>Tan\u0131mlama bilgileri, k\u00fc\u00e7\u00fck bilgi par\u00e7alar\u0131n\u0131 depolamak i\u00e7in kullan\u0131lan k\u00fc\u00e7\u00fck metin dosyalar\u0131d\u0131r. Web sitesi taray\u0131c\u0131n\u0131za y\u00fcklendi\u011finde cihaz\u0131n\u0131zda saklan\u0131rlar. Bu \u00e7erezler, web sitesinin d\u00fczg\u00fcn \u00e7al\u0131\u015fmas\u0131n\u0131 sa\u011flamam\u0131za, daha g\u00fcvenli hale getirmemize, daha iyi kullan\u0131c\u0131 deneyimi sa\u011flamam\u0131za ve web sitesinin nas\u0131l \u00e7al\u0131\u015ft\u0131\u011f\u0131n\u0131 anlamam\u0131za ve nelerin i\u015fe yaray\u0131p nerelerde iyile\u015ftirilmesi gerekti\u011fini analiz etmemize yard\u0131mc\u0131 olur.<\/p>\n<\/div>\n<h5>\u00c7erezleri nas\u0131l kullan\u0131r\u0131z?<\/h5>\n<div class=\"cookie-policy-p\">\n<p>\u00c7evrimi\u00e7i hizmetlerin \u00e7o\u011fu gibi, web sitemiz de \u00e7e\u015fitli ama\u00e7lar i\u00e7in birinci taraf ve \u00fc\u00e7\u00fcnc\u00fc taraf \u00e7erezleri kullan\u0131r. Birinci taraf tan\u0131mlama bilgileri \u00e7o\u011funlukla web sitesinin do\u011fru \u015fekilde \u00e7al\u0131\u015fmas\u0131 i\u00e7in gereklidir ve ki\u015fisel olarak tan\u0131mlanabilir verilerinizin hi\u00e7birini toplamazlar.<\/p>\n<p>Web sitemizde kullan\u0131lan \u00fc\u00e7\u00fcnc\u00fc taraf tan\u0131mlama bilgileri, temel olarak web sitesinin nas\u0131l performans g\u00f6sterdi\u011fini, web sitemizle nas\u0131l etkile\u015fimde bulundu\u011funuzu anlamak, hizmetlerimizi g\u00fcvende tutmak, sizinle alakal\u0131 reklamlar sa\u011flamak ve sonu\u00e7 olarak size daha iyi ve geli\u015fmi\u015f bir kullan\u0131c\u0131 sa\u011flamak i\u00e7indir. deneyimleyin ve web sitemizle gelecekteki etkile\u015fimlerinizi h\u0131zland\u0131rmaya yard\u0131mc\u0131 olun.<\/p>\n<\/div>\n<h5>Kulland\u0131\u011f\u0131m\u0131z \u00c7erez T\u00fcrleri<\/h5>\n<div class=\"cky-audit-table-element\"><\/div>\n<h5 style=\"margin-bottom: 20px;\">\u00c7erez tercihlerini y\u00f6net<\/h5>\n<p><a class=\"cky-banner-element\">\u00c7erez Ayarlar\u0131<\/a><\/p>\n<div>\n<p>Yukar\u0131daki butona t\u0131klayarak \u00e7erez tercihlerinizi istedi\u011finiz zaman de\u011fi\u015ftirebilirsiniz. Bu, \u00e7erez onay ba\u015fl\u0131\u011f\u0131n\u0131 tekrar ziyaret etmenize ve tercihlerinizi de\u011fi\u015ftirmenize veya onay\u0131n\u0131z\u0131 hemen geri \u00e7ekmenize olanak tan\u0131r.<\/p>\n<p>Buna ek olarak, farkl\u0131 taray\u0131c\u0131lar, web siteleri taraf\u0131ndan kullan\u0131lan \u00e7erezleri engellemek ve silmek i\u00e7in farkl\u0131 y\u00f6ntemler sunar. \u00c7erezleri engellemek\/silmek i\u00e7in taray\u0131c\u0131n\u0131z\u0131n ayarlar\u0131n\u0131 de\u011fi\u015ftirebilirsiniz. A\u015fa\u011f\u0131da, ba\u015fl\u0131ca web taray\u0131c\u0131lar\u0131ndan \u00e7erezlerin nas\u0131l y\u00f6netilece\u011fi ve silinece\u011fine ili\u015fkin destek belgelerinin ba\u011flant\u0131lar\u0131 listelenmi\u015ftir.<\/p>\n<p>Chrome: <a href=\"https:\/\/support.google.com\/accounts\/answer\/32050\" target=\"_blank\" rel=\"noopener\">https:\/\/support.google.com\/accounts\/answer\/32050<\/a><\/p>\n<p>Safari: <a href=\"https:\/\/support.apple.com\/en-in\/guide\/safari\/sfri11471\/mac\" target=\"_blank\" rel=\"noopener\">https:\/\/support.apple.com\/en-in\/guide\/safari\/sfri11471\/mac<\/a><\/p>\n<p>Firefox: <a href=\"https:\/\/support.mozilla.org\/en-US\/kb\/clear-cookies-and-site-data-firefox?redirectslug=delete-cookies-remove-info-websites-stored&amp;redirectlocale=en-US\" target=\"_blank\" rel=\"noopener\">https:\/\/support.mozilla.org\/en-US\/kb\/clear-cookies-and-site-data-firefox?redirectslug=delete-cookies-remove-info-websites-stored&amp;redirectlocale=en-US<\/a><\/p>\n<p>Internet Explorer: <a href=\"https:\/\/support.microsoft.com\/en-us\/topic\/how-to-delete-cookie-files-in-internet-explorer-bca9446f-d873-78de-77ba-d42645fa52fc\" target=\"_blank\" rel=\"noopener\">https:\/\/support.microsoft.com\/en-us\/topic\/how-to-delete-cookie-files-in-internet-explorer-bca9446f-d873-78de-77ba-d42645fa52fc<\/a><\/p>\n<p>Ba\u015fka bir web taray\u0131c\u0131s\u0131 kullan\u0131yorsan\u0131z, l\u00fctfen taray\u0131c\u0131n\u0131z\u0131n resmi destek belgelerini ziyaret edin.<\/p>\n<\/div>\n<p class=\"cookie-policy-p\"><a href=\"https:\/\/www.cookieyes.com\/?utm_source=CP&amp;utm_medium=footer&amp;utm_campaign=UW\" target=\"_blank\" rel=\"noopener\">CookieYes &#8211; Cookie Policy Generator<\/a> Taraf\u0131ndan Olu\u015fturulan \u00c7erez Politikas\u0131.<\/p>\n<\/div><\/div><\/div><\/div><\/div>\n","protected":false},"excerpt":{"rendered":"","protected":false},"author":1,"featured_media":0,"parent":0,"menu_order":0,"comment_status":"closed","ping_status":"closed","template":"","meta":{"_acf_changed":false,"footnotes":""},"class_list":["post-906","page","type-page","status-publish","hentry"],"acf":[],"yoast_head":"<!-- This site is optimized with the Yoast SEO plugin v27.3 - https:\/\/yoast.com\/product\/yoast-seo-wordpress\/ -->\n<title>\u00c7erez Politikas\u0131 - \u0627\u0644\u062c\u0645\u0639\u064a\u0629 \u0627\u0644\u062e\u064a\u0631\u064a\u0629 \u0644\u0644\u0642\u0631\u0622\u0646 \u0627\u0644\u0643\u0631\u064a\u0645 \u0641\u064a \u0633\u0648\u0631\u064a\u0629<\/title>\n<meta name=\"robots\" content=\"index, follow, max-snippet:-1, max-image-preview:large, max-video-preview:-1\" \/>\n<link rel=\"canonical\" href=\"https:\/\/quransyria.org\/tr\/cerez-politikasi\/\" \/>\n<meta property=\"og:locale\" content=\"tr_TR\" \/>\n<meta property=\"og:type\" content=\"article\" \/>\n<meta property=\"og:title\" content=\"\u00c7erez Politikas\u0131 - \u0627\u0644\u062c\u0645\u0639\u064a\u0629 \u0627\u0644\u062e\u064a\u0631\u064a\u0629 \u0644\u0644\u0642\u0631\u0622\u0646 \u0627\u0644\u0643\u0631\u064a\u0645 \u0641\u064a \u0633\u0648\u0631\u064a\u0629\" \/>\n<meta property=\"og:url\" content=\"https:\/\/quransyria.org\/tr\/cerez-politikasi\/\" \/>\n<meta property=\"og:site_name\" content=\"\u0627\u0644\u062c\u0645\u0639\u064a\u0629 \u0627\u0644\u062e\u064a\u0631\u064a\u0629 \u0644\u0644\u0642\u0631\u0622\u0646 \u0627\u0644\u0643\u0631\u064a\u0645 \u0641\u064a \u0633\u0648\u0631\u064a\u0629\" \/>\n<meta property=\"article:publisher\" content=\"https:\/\/www.facebook.com\/QuranSyria\/\" \/>\n<meta property=\"article:modified_time\" content=\"2023-07-31T12:09:00+00:00\" \/>\n<meta property=\"og:image\" content=\"https:\/\/quransyria.org\/wp-content\/uploads\/2023\/07\/Featured-copy-1.jpg\" \/>\n\t<meta property=\"og:image:width\" content=\"1600\" \/>\n\t<meta property=\"og:image:height\" content=\"744\" \/>\n\t<meta property=\"og:image:type\" content=\"image\/jpeg\" \/>\n<meta name=\"twitter:card\" content=\"summary_large_image\" \/>\n<meta name=\"twitter:site\" content=\"@quransyria\" \/>\n<meta name=\"twitter:label1\" content=\"Tahmini okuma s\u00fcresi\" \/>\n\t<meta name=\"twitter:data1\" content=\"3 dakika\" \/>\n<script type=\"application\/ld+json\" class=\"yoast-schema-graph\">{\"@context\":\"https:\\\/\\\/schema.org\",\"@graph\":[{\"@type\":\"WebPage\",\"@id\":\"https:\\\/\\\/quransyria.org\\\/tr\\\/cerez-politikasi\\\/\",\"url\":\"https:\\\/\\\/quransyria.org\\\/tr\\\/cerez-politikasi\\\/\",\"name\":\"\u00c7erez Politikas\u0131 - \u0627\u0644\u062c\u0645\u0639\u064a\u0629 \u0627\u0644\u062e\u064a\u0631\u064a\u0629 \u0644\u0644\u0642\u0631\u0622\u0646 \u0627\u0644\u0643\u0631\u064a\u0645 \u0641\u064a \u0633\u0648\u0631\u064a\u0629\",\"isPartOf\":{\"@id\":\"https:\\\/\\\/quransyria.org\\\/tr\\\/#website\"},\"datePublished\":\"2023-07-31T11:55:48+00:00\",\"dateModified\":\"2023-07-31T12:09:00+00:00\",\"breadcrumb\":{\"@id\":\"https:\\\/\\\/quransyria.org\\\/tr\\\/cerez-politikasi\\\/#breadcrumb\"},\"inLanguage\":\"tr\",\"potentialAction\":[{\"@type\":\"ReadAction\",\"target\":[\"https:\\\/\\\/quransyria.org\\\/tr\\\/cerez-politikasi\\\/\"]}]},{\"@type\":\"BreadcrumbList\",\"@id\":\"https:\\\/\\\/quransyria.org\\\/tr\\\/cerez-politikasi\\\/#breadcrumb\",\"itemListElement\":[{\"@type\":\"ListItem\",\"position\":1,\"name\":\"Anasayfa\",\"item\":\"https:\\\/\\\/quransyria.org\\\/tr\\\/\"},{\"@type\":\"ListItem\",\"position\":2,\"name\":\"\u00c7erez Politikas\u0131\"}]},{\"@type\":\"WebSite\",\"@id\":\"https:\\\/\\\/quransyria.org\\\/tr\\\/#website\",\"url\":\"https:\\\/\\\/quransyria.org\\\/tr\\\/\",\"name\":\"\u0627\u0644\u062c\u0645\u0639\u064a\u0629 \u0627\u0644\u062e\u064a\u0631\u064a\u0629 \u0644\u0644\u0642\u0631\u0622\u0646 \u0627\u0644\u0643\u0631\u064a\u0645 \u0641\u064a \u0633\u0648\u0631\u064a\u0629\",\"description\":\"\u0627\u0644\u062c\u0645\u0639\u064a\u0629 \u0627\u0644\u0631\u0627\u0626\u062f\u0629 \u0641\u064a \u0631\u0639\u0627\u064a\u0629 \u0627\u0644\u0639\u0645\u0644 \u0627\u0644\u0642\u0631\u0622\u0646\u064a \u0648\u0627\u0644\u0645\u0633\u062c\u062f\u064a \u0641\u064a \u0633\u0648\u0631\u064a\u0629\",\"publisher\":{\"@id\":\"https:\\\/\\\/quransyria.org\\\/tr\\\/#organization\"},\"potentialAction\":[{\"@type\":\"SearchAction\",\"target\":{\"@type\":\"EntryPoint\",\"urlTemplate\":\"https:\\\/\\\/quransyria.org\\\/tr\\\/?s={search_term_string}\"},\"query-input\":{\"@type\":\"PropertyValueSpecification\",\"valueRequired\":true,\"valueName\":\"search_term_string\"}}],\"inLanguage\":\"tr\"},{\"@type\":\"Organization\",\"@id\":\"https:\\\/\\\/quransyria.org\\\/tr\\\/#organization\",\"name\":\"\u0627\u0644\u062c\u0645\u0639\u064a\u0629 \u0627\u0644\u062e\u064a\u0631\u064a\u0629 \u0644\u0644\u0642\u0631\u0622\u0646 \u0627\u0644\u0643\u0631\u064a\u0645\",\"url\":\"https:\\\/\\\/quransyria.org\\\/tr\\\/\",\"logo\":{\"@type\":\"ImageObject\",\"inLanguage\":\"tr\",\"@id\":\"https:\\\/\\\/quransyria.org\\\/tr\\\/#\\\/schema\\\/logo\\\/image\\\/\",\"url\":\"https:\\\/\\\/quransyria.org\\\/wp-content\\\/uploads\\\/2023\\\/05\\\/Logo.png\",\"contentUrl\":\"https:\\\/\\\/quransyria.org\\\/wp-content\\\/uploads\\\/2023\\\/05\\\/Logo.png\",\"width\":889,\"height\":652,\"caption\":\"\u0627\u0644\u062c\u0645\u0639\u064a\u0629 \u0627\u0644\u062e\u064a\u0631\u064a\u0629 \u0644\u0644\u0642\u0631\u0622\u0646 \u0627\u0644\u0643\u0631\u064a\u0645\"},\"image\":{\"@id\":\"https:\\\/\\\/quransyria.org\\\/tr\\\/#\\\/schema\\\/logo\\\/image\\\/\"},\"sameAs\":[\"https:\\\/\\\/www.facebook.com\\\/QuranSyria\\\/\",\"https:\\\/\\\/x.com\\\/quransyria\",\"https:\\\/\\\/www.instagram.com\\\/quransyria\\\/\",\"https:\\\/\\\/www.youtube.com\\\/c\\\/QuransyriaOrgQuransyria\",\"https:\\\/\\\/soundcloud.com\\\/quransyria\"]}]}<\/script>\n<!-- \/ Yoast SEO plugin. -->","yoast_head_json":{"title":"\u00c7erez Politikas\u0131 - \u0627\u0644\u062c\u0645\u0639\u064a\u0629 \u0627\u0644\u062e\u064a\u0631\u064a\u0629 \u0644\u0644\u0642\u0631\u0622\u0646 \u0627\u0644\u0643\u0631\u064a\u0645 \u0641\u064a \u0633\u0648\u0631\u064a\u0629","robots":{"index":"index","follow":"follow","max-snippet":"max-snippet:-1","max-image-preview":"max-image-preview:large","max-video-preview":"max-video-preview:-1"},"canonical":"https:\/\/quransyria.org\/tr\/cerez-politikasi\/","og_locale":"tr_TR","og_type":"article","og_title":"\u00c7erez Politikas\u0131 - \u0627\u0644\u062c\u0645\u0639\u064a\u0629 \u0627\u0644\u062e\u064a\u0631\u064a\u0629 \u0644\u0644\u0642\u0631\u0622\u0646 \u0627\u0644\u0643\u0631\u064a\u0645 \u0641\u064a \u0633\u0648\u0631\u064a\u0629","og_url":"https:\/\/quransyria.org\/tr\/cerez-politikasi\/","og_site_name":"\u0627\u0644\u062c\u0645\u0639\u064a\u0629 \u0627\u0644\u062e\u064a\u0631\u064a\u0629 \u0644\u0644\u0642\u0631\u0622\u0646 \u0627\u0644\u0643\u0631\u064a\u0645 \u0641\u064a \u0633\u0648\u0631\u064a\u0629","article_publisher":"https:\/\/www.facebook.com\/QuranSyria\/","article_modified_time":"2023-07-31T12:09:00+00:00","og_image":[{"width":1600,"height":744,"url":"https:\/\/quransyria.org\/wp-content\/uploads\/2023\/07\/Featured-copy-1.jpg","type":"image\/jpeg"}],"twitter_card":"summary_large_image","twitter_site":"@quransyria","twitter_misc":{"Tahmini okuma s\u00fcresi":"3 dakika"},"schema":{"@context":"https:\/\/schema.org","@graph":[{"@type":"WebPage","@id":"https:\/\/quransyria.org\/tr\/cerez-politikasi\/","url":"https:\/\/quransyria.org\/tr\/cerez-politikasi\/","name":"\u00c7erez Politikas\u0131 - \u0627\u0644\u062c\u0645\u0639\u064a\u0629 \u0627\u0644\u062e\u064a\u0631\u064a\u0629 \u0644\u0644\u0642\u0631\u0622\u0646 \u0627\u0644\u0643\u0631\u064a\u0645 \u0641\u064a \u0633\u0648\u0631\u064a\u0629","isPartOf":{"@id":"https:\/\/quransyria.org\/tr\/#website"},"datePublished":"2023-07-31T11:55:48+00:00","dateModified":"2023-07-31T12:09:00+00:00","breadcrumb":{"@id":"https:\/\/quransyria.org\/tr\/cerez-politikasi\/#breadcrumb"},"inLanguage":"tr","potentialAction":[{"@type":"ReadAction","target":["https:\/\/quransyria.org\/tr\/cerez-politikasi\/"]}]},{"@type":"BreadcrumbList","@id":"https:\/\/quransyria.org\/tr\/cerez-politikasi\/#breadcrumb","itemListElement":[{"@type":"ListItem","position":1,"name":"Anasayfa","item":"https:\/\/quransyria.org\/tr\/"},{"@type":"ListItem","position":2,"name":"\u00c7erez Politikas\u0131"}]},{"@type":"WebSite","@id":"https:\/\/quransyria.org\/tr\/#website","url":"https:\/\/quransyria.org\/tr\/","name":"\u0627\u0644\u062c\u0645\u0639\u064a\u0629 \u0627\u0644\u062e\u064a\u0631\u064a\u0629 \u0644\u0644\u0642\u0631\u0622\u0646 \u0627\u0644\u0643\u0631\u064a\u0645 \u0641\u064a \u0633\u0648\u0631\u064a\u0629","description":"\u0627\u0644\u062c\u0645\u0639\u064a\u0629 \u0627\u0644\u0631\u0627\u0626\u062f\u0629 \u0641\u064a \u0631\u0639\u0627\u064a\u0629 \u0627\u0644\u0639\u0645\u0644 \u0627\u0644\u0642\u0631\u0622\u0646\u064a \u0648\u0627\u0644\u0645\u0633\u062c\u062f\u064a \u0641\u064a \u0633\u0648\u0631\u064a\u0629","publisher":{"@id":"https:\/\/quransyria.org\/tr\/#organization"},"potentialAction":[{"@type":"SearchAction","target":{"@type":"EntryPoint","urlTemplate":"https:\/\/quransyria.org\/tr\/?s={search_term_string}"},"query-input":{"@type":"PropertyValueSpecification","valueRequired":true,"valueName":"search_term_string"}}],"inLanguage":"tr"},{"@type":"Organization","@id":"https:\/\/quransyria.org\/tr\/#organization","name":"\u0627\u0644\u062c\u0645\u0639\u064a\u0629 \u0627\u0644\u062e\u064a\u0631\u064a\u0629 \u0644\u0644\u0642\u0631\u0622\u0646 \u0627\u0644\u0643\u0631\u064a\u0645","url":"https:\/\/quransyria.org\/tr\/","logo":{"@type":"ImageObject","inLanguage":"tr","@id":"https:\/\/quransyria.org\/tr\/#\/schema\/logo\/image\/","url":"https:\/\/quransyria.org\/wp-content\/uploads\/2023\/05\/Logo.png","contentUrl":"https:\/\/quransyria.org\/wp-content\/uploads\/2023\/05\/Logo.png","width":889,"height":652,"caption":"\u0627\u0644\u062c\u0645\u0639\u064a\u0629 \u0627\u0644\u062e\u064a\u0631\u064a\u0629 \u0644\u0644\u0642\u0631\u0622\u0646 \u0627\u0644\u0643\u0631\u064a\u0645"},"image":{"@id":"https:\/\/quransyria.org\/tr\/#\/schema\/logo\/image\/"},"sameAs":["https:\/\/www.facebook.com\/QuranSyria\/","https:\/\/x.com\/quransyria","https:\/\/www.instagram.com\/quransyria\/","https:\/\/www.youtube.com\/c\/QuransyriaOrgQuransyria","https:\/\/soundcloud.com\/quransyria"]}]}},"_links":{"self":[{"href":"https:\/\/quransyria.org\/tr\/wp-json\/wp\/v2\/pages\/906","targetHints":{"allow":["GET"]}}],"collection":[{"href":"https:\/\/quransyria.org\/tr\/wp-json\/wp\/v2\/pages"}],"about":[{"href":"https:\/\/quransyria.org\/tr\/wp-json\/wp\/v2\/types\/page"}],"author":[{"embeddable":true,"href":"https:\/\/quransyria.org\/tr\/wp-json\/wp\/v2\/users\/1"}],"replies":[{"embeddable":true,"href":"https:\/\/quransyria.org\/tr\/wp-json\/wp\/v2\/comments?post=906"}],"version-history":[{"count":1,"href":"https:\/\/quransyria.org\/tr\/wp-json\/wp\/v2\/pages\/906\/revisions"}],"predecessor-version":[{"id":907,"href":"https:\/\/quransyria.org\/tr\/wp-json\/wp\/v2\/pages\/906\/revisions\/907"}],"wp:attachment":[{"href":"https:\/\/quransyria.org\/tr\/wp-json\/wp\/v2\/media?parent=906"}],"curies":[{"name":"wp","href":"https:\/\/api.w.org\/{rel}","templated":true}]}}