{"id":848,"date":"2023-05-30T08:48:14","date_gmt":"2023-05-30T08:48:14","guid":{"rendered":"https:\/\/quransyria.org\/contact-us\/"},"modified":"2023-07-21T14:54:11","modified_gmt":"2023-07-21T14:54:11","slug":"bize-ulasin","status":"publish","type":"page","link":"https:\/\/quransyria.org\/tr\/bize-ulasin\/","title":{"rendered":"Bize Ula\u015f\u0131n"},"content":{"rendered":"<div class=\"fusion-fullwidth fullwidth-box fusion-builder-row-1 fusion-flex-container has-pattern-background has-mask-background nonhundred-percent-fullwidth non-hundred-percent-height-scrolling\" style=\"--awb-border-radius-top-left:0px;--awb-border-radius-top-right:0px;--awb-border-radius-bottom-right:0px;--awb-border-radius-bottom-left:0px;--awb-padding-right-small:0px;--awb-padding-left-small:0px;--awb-flex-wrap:wrap;\" ><div class=\"fusion-builder-row fusion-row fusion-flex-align-items-flex-start fusion-flex-content-wrap\" style=\"max-width:1248px;margin-left: calc(-4% \/ 2 );margin-right: calc(-4% \/ 2 );\"><div class=\"fusion-layout-column fusion_builder_column fusion-builder-column-0 fusion_builder_column_1_1 1_1 fusion-flex-column\" style=\"--awb-bg-size:cover;--awb-width-large:100%;--awb-margin-top-large:0px;--awb-spacing-right-large:1.92%;--awb-margin-bottom-large:20px;--awb-spacing-left-large:1.92%;--awb-width-medium:100%;--awb-order-medium:0;--awb-spacing-right-medium:1.92%;--awb-spacing-left-medium:1.92%;--awb-width-small:100%;--awb-order-small:0;--awb-spacing-right-small:0%;--awb-spacing-left-small:0%;\"><div class=\"fusion-column-wrapper fusion-column-has-shadow fusion-flex-justify-content-flex-start fusion-content-layout-column\"><div class=\"fusion-title title fusion-title-1 fusion-sep-none fusion-title-text fusion-title-size-four\"><h4 class=\"fusion-title-heading title-heading-left\" style=\"margin:0;\">A\u015fa\u011f\u0131daki form arac\u0131l\u0131\u011f\u0131yla bizimle ileti\u015fime ge\u00e7erek soru sormaktan ve \u00f6nerilerde bulunmaktan \u00e7ekinmeyin:<\/h4><\/div><div class=\"fusion-separator\" style=\"align-self: flex-start;margin-right:auto;margin-bottom:15px;width:100%;max-width:70px;\"><div class=\"fusion-separator-border sep-single sep-solid\" style=\"--awb-height:20px;--awb-amount:20px;--awb-sep-color:#9a702d;border-color:#9a702d;border-top-width:6px;\"><\/div><\/div>\n<div class=\"fusion-form fusion-form-builder fusion-form-form-wrapper fusion-form-875\" style=\"--awb-tooltip-text-color:#ffffff;--awb-tooltip-background-color:#333333;--awb-form-bg-color:var(--awb-color2);--awb-form-placeholder-color:rgba(20,22,23,0.31);--awb-form-label-color:var(--awb-color7);\" data-form-id=\"875\" data-config=\"{&quot;form_id&quot;:875,&quot;form_post_id&quot;:875,&quot;post_id&quot;:848,&quot;form_type&quot;:&quot;ajax&quot;,&quot;confirmation_type&quot;:&quot;message&quot;,&quot;redirect_url&quot;:&quot;&quot;,&quot;field_labels&quot;:{&quot;name&quot;:&quot;Ad Soyad&quot;,&quot;email&quot;:&quot;E-posta&quot;,&quot;mobile&quot;:&quot;Cep telefonu&quot;,&quot;message&quot;:&quot;Mesaj&quot;},&quot;field_logics&quot;:{&quot;name&quot;:&quot;&quot;,&quot;email&quot;:&quot;&quot;,&quot;mobile&quot;:&quot;&quot;,&quot;message&quot;:&quot;&quot;,&quot;notice_1&quot;:&quot;&quot;,&quot;submit_1&quot;:&quot;&quot;},&quot;field_types&quot;:{&quot;name&quot;:&quot;text&quot;,&quot;email&quot;:&quot;email&quot;,&quot;mobile&quot;:&quot;phone_number&quot;,&quot;message&quot;:&quot;textarea&quot;,&quot;recaptcha_1&quot;:&quot;recaptcha&quot;,&quot;notice_1&quot;:&quot;notice&quot;,&quot;submit_1&quot;:&quot;submit&quot;},&quot;nonce_method&quot;:&quot;ajax&quot;,&quot;form_views&quot;:&quot;ajax&quot;,&quot;form_views_counting&quot;:&quot;all&quot;}\"><form action=\"https:\/\/quransyria.org\/tr\/bize-ulasin\/\" method=\"post\" class=\"fusion-form fusion-form-875\"><div class=\"fusion-fullwidth fullwidth-box fusion-builder-row-1-1 fusion-flex-container has-pattern-background has-mask-background nonhundred-percent-fullwidth non-hundred-percent-height-scrolling\" style=\"--awb-border-radius-top-left:0px;--awb-border-radius-top-right:0px;--awb-border-radius-bottom-right:0px;--awb-border-radius-bottom-left:0px;--awb-flex-wrap:wrap;\" ><div class=\"fusion-builder-row fusion-row fusion-flex-align-items-flex-start fusion-flex-content-wrap\" style=\"width:104% !important;max-width:104% !important;margin-left: calc(-4% \/ 2 );margin-right: calc(-4% \/ 2 );\"><div class=\"fusion-layout-column fusion_builder_column fusion-builder-column-1 fusion_builder_column_1_1 1_1 fusion-flex-column\" style=\"--awb-bg-size:cover;--awb-width-large:100%;--awb-flex-grow:0;--awb-flex-shrink:0;--awb-margin-top-large:0px;--awb-spacing-right-large:1.92%;--awb-margin-bottom-large:20px;--awb-spacing-left-large:1.92%;--awb-width-medium:100%;--awb-order-medium:0;--awb-flex-grow-medium:0;--awb-flex-shrink-medium:0;--awb-spacing-right-medium:1.92%;--awb-spacing-left-medium:1.92%;--awb-width-small:100%;--awb-order-small:0;--awb-flex-grow-small:0;--awb-flex-shrink-small:0;--awb-spacing-right-small:1.92%;--awb-spacing-left-small:1.92%;\"><div class=\"fusion-column-wrapper fusion-column-has-shadow fusion-flex-justify-content-flex-start fusion-content-layout-column\"><div class=\"fusion-form-field fusion-form-text-field fusion-form-label-above\" style=\"\" data-form-id=\"875\"><div class=\"fusion-form-label-wrapper\"><label for=\"name\">Ad Soyad<\/label><\/div><input type=\"text\" autocomplete=\"off\" name=\"name\" id=\"name\" value=\"\"  class=\"fusion-form-input\" data-holds-private-data=\"false\" minlength=\"0\"\/><\/div><div class=\"fusion-form-field fusion-form-email-field fusion-form-label-above\" style=\"\" data-form-id=\"875\"><div class=\"fusion-form-label-wrapper\"><label for=\"email\">E-posta <abbr class=\"fusion-form-element-required\" title=\"required\">*<\/abbr><\/label><\/div><input type=\"email\" autocomplete=\"off\" name=\"email\" id=\"email\" value=\"\"  class=\"fusion-form-input\" required=\"true\" aria-required=\"true\" data-holds-private-data=\"false\"\/><\/div><div class=\"fusion-form-field fusion-form-phone-number-field fusion-form-label-above\" style=\"\" data-form-id=\"875\"><div class=\"fusion-form-label-wrapper\"><label for=\"mobile\">Cep telefonu<\/label><\/div><div class=\"fusion-form-input-with-icon\"><i class=\"awb-form-icon fa-phone-square-alt fas\"><\/i><input type=\"tel\" autocomplete=\"off\" name=\"mobile\" id=\"mobile\" value=\"\"  class=\"fusion-form-input\" placeholder=\"+90123456789 \" data-holds-private-data=\"false\"\/><\/div><\/div><div class=\"fusion-form-field fusion-form-textarea-field fusion-form-label-above\" style=\"\" data-form-id=\"875\"><label for=\"message\">Mesaj <abbr class=\"fusion-form-element-required\" title=\"required\">*<\/abbr><\/label><textarea cols=\"40\" autocomplete=\"off\"  minlength=\"0\"  rows=\"4\" tabindex=\"\" id=\"message\" name=\"message\" class=\"fusion-form-input\" required=\"true\" aria-required=\"true\" data-holds-private-data=\"false\"><\/textarea><\/div><div class=\"fusion-form-field fusion-form-recaptcha-field fusion-form-label-above\" style=\"\" data-form-id=\"875\">\t\t\t\t<div class=\"form-creator-recaptcha\" >\n\t\t\t\t\t\t\t\t\t\t\t\t\t\t\t\t\t\t\t\t\t\t\t\t<div\n\t\t\t\t\t\t\tid=\"g-recaptcha-id-form-875\"\n\t\t\t\t\t\t\tclass=\"fusion-form-recaptcha-v3 recaptcha-container  fusion-form-hide-recaptcha-badge\"\n\t\t\t\t\t\t\tdata-sitekey=\"6Lcx9qYmAAAAAMdkMri5JRspLN1WoWtKtTYhX96E\"\n\t\t\t\t\t\t\tdata-badge=\"hide\">\n\t\t\t\t\t\t<\/div>\n\t\t\t\t\t\t<input\n\t\t\t\t\t\t\ttype=\"hidden\"\n\t\t\t\t\t\t\tname=\"fusion-form-recaptcha-response\"\n\t\t\t\t\t\t\tclass=\"g-recaptcha-response\"\n\t\t\t\t\t\t\tid=\"fusion-form-recaptcha-response-875\"\n\t\t\t\t\t\t\tvalue=\"\">\n\t\t\t\t\t\t\t\t\t\t\t\t\t\t\t<\/div>\n\t\t\t\t<\/div><div class=\"form-submission-notices data-notice_1\" id=\"fusion-notices-1\"><div class=\"fusion-alert alert success alert-success fusion-alert-center fusion-form-response fusion-form-response-success awb-alert-native-link-color alert-dismissable awb-alert-close-boxed\" role=\"alert\"><div class=\"fusion-alert-content-wrapper\"><span class=\"alert-icon\"><i class=\"awb-icon-check-circle\" aria-hidden=\"true\"><\/i><\/span><span class=\"fusion-alert-content\">Mesaj\u0131n\u0131z i\u00e7in te\u015fekk\u00fcr ederiz, Allah'\u0131n izniyle en k\u0131sa s\u00fcrede sizinle ileti\u015fime ge\u00e7ece\u011fiz.<\/span><\/div><button type=\"button\" class=\"close toggle-alert\" data-dismiss=\"alert\" aria-label=\"Close\">&times;<\/button><\/div><div class=\"fusion-alert alert error alert-danger fusion-alert-center fusion-form-response fusion-form-response-error awb-alert-native-link-color alert-dismissable awb-alert-close-boxed\" role=\"alert\"><div class=\"fusion-alert-content-wrapper\"><span class=\"alert-icon\"><i class=\"awb-icon-exclamation-triangle\" aria-hidden=\"true\"><\/i><\/span><span class=\"fusion-alert-content\">G\u00f6nderilirken bir sorun olu\u015ftu, l\u00fctfen tekrar deneyin.<\/span><\/div><button type=\"button\" class=\"close toggle-alert\" data-dismiss=\"alert\" aria-label=\"Close\">&times;<\/button><\/div><\/div><div class=\"fusion-form-field fusion-form-submit-field fusion-form-label-above\" style=\"\" data-form-id=\"875\"><div ><button type=\"submit\" class=\"fusion-button button-flat fusion-button-default-size button-default fusion-button-default button-1 fusion-button-default-span  button-default form-form-submit\" data-form-number=\"875\" tabindex=\"\"><span class=\"fusion-button-text awb-button__text awb-button__text--default\">G\u00f6nder<\/span><\/button><\/div><\/div><\/div><\/div><\/div><\/div><\/form><\/div><div class=\"fusion-title title fusion-title-2 fusion-sep-none fusion-title-text fusion-title-size-four\"><h4 class=\"fusion-title-heading title-heading-left\" style=\"margin:0;\">Bizi sosyal medyada da bulabilirsiniz:<\/h4><\/div><div class=\"fusion-separator\" style=\"align-self: flex-start;margin-right:auto;margin-bottom:15px;width:100%;max-width:70px;\"><div class=\"fusion-separator-border sep-single sep-solid\" style=\"--awb-height:20px;--awb-amount:20px;--awb-sep-color:#9a702d;border-color:#9a702d;border-top-width:6px;\"><\/div><\/div>\n<div class=\"fusion-social-links fusion-social-links-1 fusion-animated\" style=\"--awb-margin-top:0px;--awb-margin-right:0px;--awb-margin-bottom:0px;--awb-margin-left:0px;--awb-margin-top-small:40px;--awb-box-border-top:0px;--awb-box-border-right:1px;--awb-box-border-bottom:0px;--awb-box-border-left:1px;--awb-icon-colors-hover:var(--awb-color4);--awb-box-colors-hover:var(--awb-color1);--awb-box-border-color:var(--awb-color5);--awb-box-border-color-hover:var(--awb-color4);--awb-alignment-small:center;\" data-animationType=\"fadeInUp\" data-animationDuration=\"0.7\" data-animationOffset=\"top-into-view\"><div class=\"fusion-social-networks boxed-icons color-type-custom\"><div class=\"fusion-social-networks-wrapper\"><a class=\"fusion-social-network-icon fusion-tooltip fusion-facebook awb-icon-facebook\" style=\"color:var(--awb-color7);font-size:16px;width:16px;background-color:var(--awb-color2);border-color:var(--awb-color2);border-radius:15px;\" data-placement=\"top\" data-title=\"Facebook\" data-toggle=\"tooltip\" title=\"Facebook\" aria-label=\"facebook\" target=\"_blank\" rel=\"noopener noreferrer\" href=\"https:\/\/www.facebook.com\/QuranSyria\/\"><\/a><a class=\"fusion-social-network-icon fusion-tooltip fusion-twitter awb-icon-twitter\" style=\"color:var(--awb-color7);font-size:16px;width:16px;background-color:var(--awb-color2);border-color:var(--awb-color2);border-radius:15px;\" data-placement=\"top\" data-title=\"X\" data-toggle=\"tooltip\" title=\"X\" aria-label=\"twitter\" target=\"_blank\" rel=\"noopener noreferrer\" href=\"https:\/\/twitter.com\/quransyria\"><\/a><a class=\"fusion-social-network-icon fusion-tooltip fusion-instagram awb-icon-instagram\" style=\"color:var(--awb-color7);font-size:16px;width:16px;background-color:var(--awb-color2);border-color:var(--awb-color2);border-radius:15px;\" data-placement=\"top\" data-title=\"Instagram\" data-toggle=\"tooltip\" title=\"Instagram\" aria-label=\"instagram\" target=\"_blank\" rel=\"noopener noreferrer\" href=\"https:\/\/www.instagram.com\/quransyria\/\"><\/a><a class=\"fusion-social-network-icon fusion-tooltip fusion-youtube awb-icon-youtube\" style=\"color:var(--awb-color7);font-size:16px;width:16px;background-color:var(--awb-color2);border-color:var(--awb-color2);border-radius:15px;\" data-placement=\"top\" data-title=\"YouTube\" data-toggle=\"tooltip\" title=\"YouTube\" aria-label=\"youtube\" target=\"_blank\" rel=\"noopener noreferrer\" href=\"https:\/\/www.youtube.com\/c\/QuransyriaOrgQuransyria\"><\/a><a class=\"fusion-social-network-icon fusion-tooltip fusion-flickr awb-icon-flickr\" style=\"color:var(--awb-color7);font-size:16px;width:16px;background-color:var(--awb-color2);border-color:var(--awb-color2);border-radius:15px;\" data-placement=\"top\" data-title=\"Flickr\" data-toggle=\"tooltip\" title=\"Flickr\" aria-label=\"flickr\" target=\"_blank\" rel=\"noopener noreferrer\" href=\"https:\/\/www.flickr.com\/photos\/quransyria\"><\/a><a class=\"fusion-social-network-icon fusion-tooltip fusion-soundcloud awb-icon-soundcloud\" style=\"color:var(--awb-color7);font-size:16px;width:16px;background-color:var(--awb-color2);border-color:var(--awb-color2);border-radius:15px;\" data-placement=\"top\" data-title=\"SoundCloud\" data-toggle=\"tooltip\" title=\"SoundCloud\" aria-label=\"soundcloud\" target=\"_blank\" rel=\"noopener noreferrer\" href=\"https:\/\/soundcloud.com\/quransyria\"><\/a><a class=\"fusion-social-network-icon fusion-tooltip fusion-mail awb-icon-mail\" style=\"color:var(--awb-color7);font-size:16px;width:16px;background-color:var(--awb-color2);border-color:var(--awb-color2);border-radius:15px;\" data-placement=\"top\" data-title=\"Email\" data-toggle=\"tooltip\" title=\"Email\" aria-label=\"mail\" target=\"_blank\" rel=\"noopener noreferrer\" href=\"mailto:&#105;nfo&#064;quransy&#114;&#105;&#097;.&#111;rg\"><\/a><\/div><\/div><\/div>\n<\/div><\/div><\/div><\/div>\n","protected":false},"excerpt":{"rendered":"","protected":false},"author":1,"featured_media":887,"parent":0,"menu_order":0,"comment_status":"closed","ping_status":"closed","template":"100-width.php","meta":{"_acf_changed":false,"footnotes":""},"class_list":["post-848","page","type-page","status-publish","has-post-thumbnail","hentry"],"acf":[],"yoast_head":"<!-- This site is optimized with the Yoast SEO plugin v27.5 - https:\/\/yoast.com\/product\/yoast-seo-wordpress\/ -->\n<title>Bize Ula\u015f\u0131n - \u0627\u0644\u062c\u0645\u0639\u064a\u0629 \u0627\u0644\u062e\u064a\u0631\u064a\u0629 \u0644\u0644\u0642\u0631\u0622\u0646 \u0627\u0644\u0643\u0631\u064a\u0645 \u0641\u064a \u0633\u0648\u0631\u064a\u0629<\/title>\n<meta name=\"robots\" content=\"index, follow, max-snippet:-1, max-image-preview:large, max-video-preview:-1\" \/>\n<link rel=\"canonical\" href=\"https:\/\/quransyria.org\/tr\/bize-ulasin\/\" \/>\n<meta property=\"og:locale\" content=\"tr_TR\" \/>\n<meta property=\"og:type\" content=\"article\" \/>\n<meta property=\"og:title\" content=\"Bize Ula\u015f\u0131n - \u0627\u0644\u062c\u0645\u0639\u064a\u0629 \u0627\u0644\u062e\u064a\u0631\u064a\u0629 \u0644\u0644\u0642\u0631\u0622\u0646 \u0627\u0644\u0643\u0631\u064a\u0645 \u0641\u064a \u0633\u0648\u0631\u064a\u0629\" \/>\n<meta property=\"og:url\" content=\"https:\/\/quransyria.org\/tr\/bize-ulasin\/\" \/>\n<meta property=\"og:site_name\" content=\"\u0627\u0644\u062c\u0645\u0639\u064a\u0629 \u0627\u0644\u062e\u064a\u0631\u064a\u0629 \u0644\u0644\u0642\u0631\u0622\u0646 \u0627\u0644\u0643\u0631\u064a\u0645 \u0641\u064a \u0633\u0648\u0631\u064a\u0629\" \/>\n<meta property=\"article:publisher\" content=\"https:\/\/www.facebook.com\/QuranSyria\/\" \/>\n<meta property=\"article:modified_time\" content=\"2023-07-21T14:54:11+00:00\" \/>\n<meta property=\"og:image\" content=\"https:\/\/quransyria.org\/wp-content\/uploads\/2023\/07\/Featured-copy-1.jpg\" \/>\n\t<meta property=\"og:image:width\" content=\"1600\" \/>\n\t<meta property=\"og:image:height\" content=\"744\" \/>\n\t<meta property=\"og:image:type\" content=\"image\/jpeg\" \/>\n<meta name=\"twitter:card\" content=\"summary_large_image\" \/>\n<meta name=\"twitter:site\" content=\"@quransyria\" \/>\n<meta name=\"twitter:label1\" content=\"Tahmini okuma s\u00fcresi\" \/>\n\t<meta name=\"twitter:data1\" content=\"3 dakika\" \/>\n<script type=\"application\/ld+json\" class=\"yoast-schema-graph\">{\"@context\":\"https:\\\/\\\/schema.org\",\"@graph\":[{\"@type\":\"WebPage\",\"@id\":\"https:\\\/\\\/quransyria.org\\\/tr\\\/bize-ulasin\\\/\",\"url\":\"https:\\\/\\\/quransyria.org\\\/tr\\\/bize-ulasin\\\/\",\"name\":\"Bize Ula\u015f\u0131n - \u0627\u0644\u062c\u0645\u0639\u064a\u0629 \u0627\u0644\u062e\u064a\u0631\u064a\u0629 \u0644\u0644\u0642\u0631\u0622\u0646 \u0627\u0644\u0643\u0631\u064a\u0645 \u0641\u064a \u0633\u0648\u0631\u064a\u0629\",\"isPartOf\":{\"@id\":\"https:\\\/\\\/quransyria.org\\\/tr\\\/#website\"},\"primaryImageOfPage\":{\"@id\":\"https:\\\/\\\/quransyria.org\\\/tr\\\/bize-ulasin\\\/#primaryimage\"},\"image\":{\"@id\":\"https:\\\/\\\/quransyria.org\\\/tr\\\/bize-ulasin\\\/#primaryimage\"},\"thumbnailUrl\":\"https:\\\/\\\/quransyria.org\\\/wp-content\\\/uploads\\\/2023\\\/07\\\/Featured-copy-1.jpg\",\"datePublished\":\"2023-05-30T08:48:14+00:00\",\"dateModified\":\"2023-07-21T14:54:11+00:00\",\"breadcrumb\":{\"@id\":\"https:\\\/\\\/quransyria.org\\\/tr\\\/bize-ulasin\\\/#breadcrumb\"},\"inLanguage\":\"tr\",\"potentialAction\":[{\"@type\":\"ReadAction\",\"target\":[\"https:\\\/\\\/quransyria.org\\\/tr\\\/bize-ulasin\\\/\"]}]},{\"@type\":\"ImageObject\",\"inLanguage\":\"tr\",\"@id\":\"https:\\\/\\\/quransyria.org\\\/tr\\\/bize-ulasin\\\/#primaryimage\",\"url\":\"https:\\\/\\\/quransyria.org\\\/wp-content\\\/uploads\\\/2023\\\/07\\\/Featured-copy-1.jpg\",\"contentUrl\":\"https:\\\/\\\/quransyria.org\\\/wp-content\\\/uploads\\\/2023\\\/07\\\/Featured-copy-1.jpg\",\"width\":1600,\"height\":744},{\"@type\":\"BreadcrumbList\",\"@id\":\"https:\\\/\\\/quransyria.org\\\/tr\\\/bize-ulasin\\\/#breadcrumb\",\"itemListElement\":[{\"@type\":\"ListItem\",\"position\":1,\"name\":\"Anasayfa\",\"item\":\"https:\\\/\\\/quransyria.org\\\/tr\\\/\"},{\"@type\":\"ListItem\",\"position\":2,\"name\":\"Bize Ula\u015f\u0131n\"}]},{\"@type\":\"WebSite\",\"@id\":\"https:\\\/\\\/quransyria.org\\\/tr\\\/#website\",\"url\":\"https:\\\/\\\/quransyria.org\\\/tr\\\/\",\"name\":\"\u0627\u0644\u062c\u0645\u0639\u064a\u0629 \u0627\u0644\u062e\u064a\u0631\u064a\u0629 \u0644\u0644\u0642\u0631\u0622\u0646 \u0627\u0644\u0643\u0631\u064a\u0645 \u0641\u064a \u0633\u0648\u0631\u064a\u0629\",\"description\":\"\u0627\u0644\u062c\u0645\u0639\u064a\u0629 \u0627\u0644\u0631\u0627\u0626\u062f\u0629 \u0641\u064a \u0631\u0639\u0627\u064a\u0629 \u0627\u0644\u0639\u0645\u0644 \u0627\u0644\u0642\u0631\u0622\u0646\u064a \u0648\u0627\u0644\u0645\u0633\u062c\u062f\u064a \u0641\u064a \u0633\u0648\u0631\u064a\u0629\",\"publisher\":{\"@id\":\"https:\\\/\\\/quransyria.org\\\/tr\\\/#organization\"},\"potentialAction\":[{\"@type\":\"SearchAction\",\"target\":{\"@type\":\"EntryPoint\",\"urlTemplate\":\"https:\\\/\\\/quransyria.org\\\/tr\\\/?s={search_term_string}\"},\"query-input\":{\"@type\":\"PropertyValueSpecification\",\"valueRequired\":true,\"valueName\":\"search_term_string\"}}],\"inLanguage\":\"tr\"},{\"@type\":\"Organization\",\"@id\":\"https:\\\/\\\/quransyria.org\\\/tr\\\/#organization\",\"name\":\"\u0627\u0644\u062c\u0645\u0639\u064a\u0629 \u0627\u0644\u062e\u064a\u0631\u064a\u0629 \u0644\u0644\u0642\u0631\u0622\u0646 \u0627\u0644\u0643\u0631\u064a\u0645\",\"url\":\"https:\\\/\\\/quransyria.org\\\/tr\\\/\",\"logo\":{\"@type\":\"ImageObject\",\"inLanguage\":\"tr\",\"@id\":\"https:\\\/\\\/quransyria.org\\\/tr\\\/#\\\/schema\\\/logo\\\/image\\\/\",\"url\":\"https:\\\/\\\/quransyria.org\\\/wp-content\\\/uploads\\\/2023\\\/05\\\/Logo.png\",\"contentUrl\":\"https:\\\/\\\/quransyria.org\\\/wp-content\\\/uploads\\\/2023\\\/05\\\/Logo.png\",\"width\":889,\"height\":652,\"caption\":\"\u0627\u0644\u062c\u0645\u0639\u064a\u0629 \u0627\u0644\u062e\u064a\u0631\u064a\u0629 \u0644\u0644\u0642\u0631\u0622\u0646 \u0627\u0644\u0643\u0631\u064a\u0645\"},\"image\":{\"@id\":\"https:\\\/\\\/quransyria.org\\\/tr\\\/#\\\/schema\\\/logo\\\/image\\\/\"},\"sameAs\":[\"https:\\\/\\\/www.facebook.com\\\/QuranSyria\\\/\",\"https:\\\/\\\/x.com\\\/quransyria\",\"https:\\\/\\\/www.instagram.com\\\/quransyria\\\/\",\"https:\\\/\\\/www.youtube.com\\\/c\\\/QuransyriaOrgQuransyria\",\"https:\\\/\\\/soundcloud.com\\\/quransyria\"]}]}<\/script>\n<!-- \/ Yoast SEO plugin. -->","yoast_head_json":{"title":"Bize Ula\u015f\u0131n - \u0627\u0644\u062c\u0645\u0639\u064a\u0629 \u0627\u0644\u062e\u064a\u0631\u064a\u0629 \u0644\u0644\u0642\u0631\u0622\u0646 \u0627\u0644\u0643\u0631\u064a\u0645 \u0641\u064a \u0633\u0648\u0631\u064a\u0629","robots":{"index":"index","follow":"follow","max-snippet":"max-snippet:-1","max-image-preview":"max-image-preview:large","max-video-preview":"max-video-preview:-1"},"canonical":"https:\/\/quransyria.org\/tr\/bize-ulasin\/","og_locale":"tr_TR","og_type":"article","og_title":"Bize Ula\u015f\u0131n - \u0627\u0644\u062c\u0645\u0639\u064a\u0629 \u0627\u0644\u062e\u064a\u0631\u064a\u0629 \u0644\u0644\u0642\u0631\u0622\u0646 \u0627\u0644\u0643\u0631\u064a\u0645 \u0641\u064a \u0633\u0648\u0631\u064a\u0629","og_url":"https:\/\/quransyria.org\/tr\/bize-ulasin\/","og_site_name":"\u0627\u0644\u062c\u0645\u0639\u064a\u0629 \u0627\u0644\u062e\u064a\u0631\u064a\u0629 \u0644\u0644\u0642\u0631\u0622\u0646 \u0627\u0644\u0643\u0631\u064a\u0645 \u0641\u064a \u0633\u0648\u0631\u064a\u0629","article_publisher":"https:\/\/www.facebook.com\/QuranSyria\/","article_modified_time":"2023-07-21T14:54:11+00:00","og_image":[{"width":1600,"height":744,"url":"https:\/\/quransyria.org\/wp-content\/uploads\/2023\/07\/Featured-copy-1.jpg","type":"image\/jpeg"}],"twitter_card":"summary_large_image","twitter_site":"@quransyria","twitter_misc":{"Tahmini okuma s\u00fcresi":"3 dakika"},"schema":{"@context":"https:\/\/schema.org","@graph":[{"@type":"WebPage","@id":"https:\/\/quransyria.org\/tr\/bize-ulasin\/","url":"https:\/\/quransyria.org\/tr\/bize-ulasin\/","name":"Bize Ula\u015f\u0131n - \u0627\u0644\u062c\u0645\u0639\u064a\u0629 \u0627\u0644\u062e\u064a\u0631\u064a\u0629 \u0644\u0644\u0642\u0631\u0622\u0646 \u0627\u0644\u0643\u0631\u064a\u0645 \u0641\u064a \u0633\u0648\u0631\u064a\u0629","isPartOf":{"@id":"https:\/\/quransyria.org\/tr\/#website"},"primaryImageOfPage":{"@id":"https:\/\/quransyria.org\/tr\/bize-ulasin\/#primaryimage"},"image":{"@id":"https:\/\/quransyria.org\/tr\/bize-ulasin\/#primaryimage"},"thumbnailUrl":"https:\/\/quransyria.org\/wp-content\/uploads\/2023\/07\/Featured-copy-1.jpg","datePublished":"2023-05-30T08:48:14+00:00","dateModified":"2023-07-21T14:54:11+00:00","breadcrumb":{"@id":"https:\/\/quransyria.org\/tr\/bize-ulasin\/#breadcrumb"},"inLanguage":"tr","potentialAction":[{"@type":"ReadAction","target":["https:\/\/quransyria.org\/tr\/bize-ulasin\/"]}]},{"@type":"ImageObject","inLanguage":"tr","@id":"https:\/\/quransyria.org\/tr\/bize-ulasin\/#primaryimage","url":"https:\/\/quransyria.org\/wp-content\/uploads\/2023\/07\/Featured-copy-1.jpg","contentUrl":"https:\/\/quransyria.org\/wp-content\/uploads\/2023\/07\/Featured-copy-1.jpg","width":1600,"height":744},{"@type":"BreadcrumbList","@id":"https:\/\/quransyria.org\/tr\/bize-ulasin\/#breadcrumb","itemListElement":[{"@type":"ListItem","position":1,"name":"Anasayfa","item":"https:\/\/quransyria.org\/tr\/"},{"@type":"ListItem","position":2,"name":"Bize Ula\u015f\u0131n"}]},{"@type":"WebSite","@id":"https:\/\/quransyria.org\/tr\/#website","url":"https:\/\/quransyria.org\/tr\/","name":"\u0627\u0644\u062c\u0645\u0639\u064a\u0629 \u0627\u0644\u062e\u064a\u0631\u064a\u0629 \u0644\u0644\u0642\u0631\u0622\u0646 \u0627\u0644\u0643\u0631\u064a\u0645 \u0641\u064a \u0633\u0648\u0631\u064a\u0629","description":"\u0627\u0644\u062c\u0645\u0639\u064a\u0629 \u0627\u0644\u0631\u0627\u0626\u062f\u0629 \u0641\u064a \u0631\u0639\u0627\u064a\u0629 \u0627\u0644\u0639\u0645\u0644 \u0627\u0644\u0642\u0631\u0622\u0646\u064a \u0648\u0627\u0644\u0645\u0633\u062c\u062f\u064a \u0641\u064a \u0633\u0648\u0631\u064a\u0629","publisher":{"@id":"https:\/\/quransyria.org\/tr\/#organization"},"potentialAction":[{"@type":"SearchAction","target":{"@type":"EntryPoint","urlTemplate":"https:\/\/quransyria.org\/tr\/?s={search_term_string}"},"query-input":{"@type":"PropertyValueSpecification","valueRequired":true,"valueName":"search_term_string"}}],"inLanguage":"tr"},{"@type":"Organization","@id":"https:\/\/quransyria.org\/tr\/#organization","name":"\u0627\u0644\u062c\u0645\u0639\u064a\u0629 \u0627\u0644\u062e\u064a\u0631\u064a\u0629 \u0644\u0644\u0642\u0631\u0622\u0646 \u0627\u0644\u0643\u0631\u064a\u0645","url":"https:\/\/quransyria.org\/tr\/","logo":{"@type":"ImageObject","inLanguage":"tr","@id":"https:\/\/quransyria.org\/tr\/#\/schema\/logo\/image\/","url":"https:\/\/quransyria.org\/wp-content\/uploads\/2023\/05\/Logo.png","contentUrl":"https:\/\/quransyria.org\/wp-content\/uploads\/2023\/05\/Logo.png","width":889,"height":652,"caption":"\u0627\u0644\u062c\u0645\u0639\u064a\u0629 \u0627\u0644\u062e\u064a\u0631\u064a\u0629 \u0644\u0644\u0642\u0631\u0622\u0646 \u0627\u0644\u0643\u0631\u064a\u0645"},"image":{"@id":"https:\/\/quransyria.org\/tr\/#\/schema\/logo\/image\/"},"sameAs":["https:\/\/www.facebook.com\/QuranSyria\/","https:\/\/x.com\/quransyria","https:\/\/www.instagram.com\/quransyria\/","https:\/\/www.youtube.com\/c\/QuransyriaOrgQuransyria","https:\/\/soundcloud.com\/quransyria"]}]}},"_links":{"self":[{"href":"https:\/\/quransyria.org\/tr\/wp-json\/wp\/v2\/pages\/848","targetHints":{"allow":["GET"]}}],"collection":[{"href":"https:\/\/quransyria.org\/tr\/wp-json\/wp\/v2\/pages"}],"about":[{"href":"https:\/\/quransyria.org\/tr\/wp-json\/wp\/v2\/types\/page"}],"author":[{"embeddable":true,"href":"https:\/\/quransyria.org\/tr\/wp-json\/wp\/v2\/users\/1"}],"replies":[{"embeddable":true,"href":"https:\/\/quransyria.org\/tr\/wp-json\/wp\/v2\/comments?post=848"}],"version-history":[{"count":2,"href":"https:\/\/quransyria.org\/tr\/wp-json\/wp\/v2\/pages\/848\/revisions"}],"predecessor-version":[{"id":881,"href":"https:\/\/quransyria.org\/tr\/wp-json\/wp\/v2\/pages\/848\/revisions\/881"}],"wp:featuredmedia":[{"embeddable":true,"href":"https:\/\/quransyria.org\/tr\/wp-json\/wp\/v2\/media\/887"}],"wp:attachment":[{"href":"https:\/\/quransyria.org\/tr\/wp-json\/wp\/v2\/media?parent=848"}],"curies":[{"name":"wp","href":"https:\/\/api.w.org\/{rel}","templated":true}]}}